{"id":7659,"date":"2021-10-11T05:30:14","date_gmt":"2021-10-11T05:30:14","guid":{"rendered":"http:\/\/pgyme.com\/?page_id=7659"},"modified":"2024-10-29T18:28:34","modified_gmt":"2024-10-29T18:28:34","slug":"inicio","status":"publish","type":"page","link":"https:\/\/pgyme.com\/","title":{"rendered":"Inicio"},"content":{"rendered":"<p>[vc_row][vc_column]\n\t\t\t<!-- START Home REVOLUTION SLIDER 6.5.24 --><p class=\"rs-p-wp-fix\"><\/p>\n\t\t\t<rs-module-wrap id=\"rev_slider_2_1_wrapper\" data-source=\"gallery\" style=\"visibility:hidden;background:transparent;padding:0;margin:0px auto;margin-top:0;margin-bottom:0;\">\n\t\t\t\t<rs-module id=\"rev_slider_2_1\" style=\"\" data-version=\"6.5.24\">\n\t\t\t\t\t<rs-slides>\n\t\t\t\t\t\t<rs-slide style=\"position: absolute;\" data-key=\"rs-4\" data-title=\"Slide\" data-in=\"o:0;\" data-out=\"a:false;\">\n\t\t\t\t\t\t\t<img src=\"\/\/pgyme.com\/wp-content\/plugins\/revslider\/public\/assets\/assets\/dummy.png\" alt=\"\" title=\"pexels-energepiccom-288477\" width=\"1920\" height=\"1440\" class=\"rev-slidebg tp-rs-img rs-lazyload\" data-lazyload=\"\/\/pgyme.com\/wp-content\/uploads\/2021\/10\/pexels-energepiccom-288477.jpg\" data-no-retina>\n<!--\n\t\t\t\t\t\t\t--><rs-layer\n\t\t\t\t\t\t\t\tid=\"slider-2-slide-4-layer-0\" \n\t\t\t\t\t\t\t\tdata-type=\"shape\"\n\t\t\t\t\t\t\t\tdata-rsp_ch=\"on\"\n\t\t\t\t\t\t\t\tdata-xy=\"x:c;xo:-1px,-5px,4px,2px;y:m;yo:6px,-1px,0,0;\"\n\t\t\t\t\t\t\t\tdata-text=\"w:normal;s:20,10,7,4;l:0,13,9,6;\"\n\t\t\t\t\t\t\t\tdata-dim=\"w:1920px,1059px,804px,496px;h:1152,711px,788px,649px;\"\n\t\t\t\t\t\t\t\tdata-frame_0=\"y:-100%;\"\n\t\t\t\t\t\t\t\tdata-frame_0_mask=\"u:t;\"\n\t\t\t\t\t\t\t\tdata-frame_1=\"sp:1200;\"\n\t\t\t\t\t\t\t\tdata-frame_1_mask=\"u:t;\"\n\t\t\t\t\t\t\t\tdata-frame_999=\"o:0;st:w;sR:7800;\"\n\t\t\t\t\t\t\t\tstyle=\"z-index:8;background-color:rgba(22,31,51,0.74);\"\n\t\t\t\t\t\t\t> \n\t\t\t\t\t\t\t<\/rs-layer><!--\n\n\t\t\t\t\t\t\t--><rs-layer\n\t\t\t\t\t\t\t\tid=\"slider-2-slide-4-layer-1\" \n\t\t\t\t\t\t\t\tdata-type=\"text\"\n\t\t\t\t\t\t\t\tdata-color=\"#e5c71d\"\n\t\t\t\t\t\t\t\tdata-rsp_ch=\"on\"\n\t\t\t\t\t\t\t\tdata-xy=\"x:c;y:m;yo:-85px,-80px,-78px,-142px;\"\n\t\t\t\t\t\t\t\tdata-text=\"w:normal;s:35,25,23,18;l:25,13,9,18;a:left,left,left,center;\"\n\t\t\t\t\t\t\t\tdata-dim=\"w:auto,auto,408px,318px;h:auto,auto,34px,53px;\"\n\t\t\t\t\t\t\t\tdata-padding=\"t:20,11,8,5;b:20,11,8,5;\"\n\t\t\t\t\t\t\t\tdata-frame_0=\"y:100%;\"\n\t\t\t\t\t\t\t\tdata-frame_0_mask=\"u:t;\"\n\t\t\t\t\t\t\t\tdata-frame_1=\"st:1190;sp:1200;sR:1190;\"\n\t\t\t\t\t\t\t\tdata-frame_1_mask=\"u:t;\"\n\t\t\t\t\t\t\t\tdata-frame_999=\"o:0;st:w;sR:6610;\"\n\t\t\t\t\t\t\t\tstyle=\"z-index:10;font-family:'Lato';\"\n\t\t\t\t\t\t\t>BIENVENIDO A PG & ME \n\t\t\t\t\t\t\t<\/rs-layer><!--\n\n\t\t\t\t\t\t\t--><rs-layer\n\t\t\t\t\t\t\t\tid=\"slider-2-slide-4-layer-2\" \n\t\t\t\t\t\t\t\tdata-type=\"text\"\n\t\t\t\t\t\t\t\tdata-rsp_ch=\"on\"\n\t\t\t\t\t\t\t\tdata-xy=\"x:c;y:m;yo:33px,-10px,-18px,23px;\"\n\t\t\t\t\t\t\t\tdata-text=\"w:normal;s:50,45,40,35;l:60,40,43,40;fw:700;a:center;\"\n\t\t\t\t\t\t\t\tdata-dim=\"w:1004px,534px,405px,327px;h:auto,117px,113px,236px;\"\n\t\t\t\t\t\t\t\tdata-padding=\"t:40,21,16,18;b:40,21,16,18;\"\n\t\t\t\t\t\t\t\tdata-frame_0=\"y:100%;\"\n\t\t\t\t\t\t\t\tdata-frame_0_mask=\"u:t;\"\n\t\t\t\t\t\t\t\tdata-frame_1=\"st:1190;sp:1200;sR:1190;\"\n\t\t\t\t\t\t\t\tdata-frame_1_mask=\"u:t;\"\n\t\t\t\t\t\t\t\tdata-frame_999=\"o:0;st:w;sR:6610;\"\n\t\t\t\t\t\t\t\tstyle=\"z-index:11;font-family:'Roboto';\"\n\t\t\t\t\t\t\t>M\u00e1s de 25 a\u00f1os brindando servicios <br \/>\njur\u00eddicos, fiscales corporativos y contables<br \/>\n \n\t\t\t\t\t\t\t<\/rs-layer><!--\n\n\t\t\t\t\t\t\t--><rs-layer\n\t\t\t\t\t\t\t\tid=\"slider-2-slide-4-layer-3\" \n\t\t\t\t\t\t\t\tdata-type=\"shape\"\n\t\t\t\t\t\t\t\tdata-rsp_ch=\"on\"\n\t\t\t\t\t\t\t\tdata-xy=\"x:c;xo:-1px,0,0,0;y:t,t,t,m;yo:584px,398px,414px,168px;\"\n\t\t\t\t\t\t\t\tdata-text=\"w:normal;s:20,10,7,4;l:0,13,9,6;\"\n\t\t\t\t\t\t\t\tdata-dim=\"w:744px,396px,300px,291px;h:8px,4px,3px,3px;\"\n\t\t\t\t\t\t\t\tdata-frame_0=\"y:100%;\"\n\t\t\t\t\t\t\t\tdata-frame_0_mask=\"u:t;\"\n\t\t\t\t\t\t\t\tdata-frame_1=\"st:1180;sp:1200;sR:1180;\"\n\t\t\t\t\t\t\t\tdata-frame_1_mask=\"u:t;\"\n\t\t\t\t\t\t\t\tdata-frame_999=\"o:0;st:w;sR:6620;\"\n\t\t\t\t\t\t\t\tstyle=\"z-index:9;background-color:#a38415;\"\n\t\t\t\t\t\t\t> \n\t\t\t\t\t\t\t<\/rs-layer><!--\n\n\t\t\t\t\t\t\t--><rs-layer\n\t\t\t\t\t\t\t\tid=\"slider-2-slide-4-layer-4\" \n\t\t\t\t\t\t\t\tdata-type=\"image\"\n\t\t\t\t\t\t\t\tdata-rsp_ch=\"on\"\n\t\t\t\t\t\t\t\tdata-xy=\"x:c;yo:82px,43px,32px,39px;\"\n\t\t\t\t\t\t\t\tdata-text=\"w:normal;s:20,10,7,4;l:0,13,9,6;\"\n\t\t\t\t\t\t\t\tdata-dim=\"w:562px,299px,227px,183px;h:211px,112px,85px,69px;\"\n\t\t\t\t\t\t\t\tdata-frame_999=\"o:0;st:w;\"\n\t\t\t\t\t\t\t\tstyle=\"z-index:12;\"\n\t\t\t\t\t\t\t><img src=\"\/\/pgyme.com\/wp-content\/plugins\/revslider\/public\/assets\/assets\/dummy.png\" alt=\"\" class=\"tp-rs-img rs-lazyload\" width=\"987\" height=\"370\" data-lazyload=\"\/\/pgyme.com\/wp-content\/uploads\/2021\/11\/Signo.png\" data-no-retina> \n\t\t\t\t\t\t\t<\/rs-layer><!--\n-->\t\t\t\t\t\t<\/rs-slide>\n\t\t\t\t\t<\/rs-slides>\n\t\t\t\t<\/rs-module>\n\t\t\t\t<script>\n\t\t\t\t\tsetREVStartSize({c: 'rev_slider_2_1',rl:[1240,1024,778,480],el:[870,680,720,600],gw:[1920,1024,778,480],gh:[870,680,720,600],type:'standard',justify:'',layout:'fullwidth',mh:\"0\"});if (window.RS_MODULES!==undefined && window.RS_MODULES.modules!==undefined && window.RS_MODULES.modules[\"revslider21\"]!==undefined) {window.RS_MODULES.modules[\"revslider21\"].once = false;window.revapi2 = undefined;if (window.RS_MODULES.checkMinimal!==undefined) window.RS_MODULES.checkMinimal()}\n\t\t\t\t<\/script>\n\t\t\t<\/rs-module-wrap>\n\t\t\t<!-- END REVOLUTION SLIDER -->\n[\/vc_column][\/vc_row][vc_row css=\u00bb.vc_custom_1634875131349{margin-top: 100px !important;margin-bottom: 100px !important;}\u00bb _et_uniqid=\u00bbet_custom_uniqid_new_617236f1e29c7&#8243;][vc_column][vc_column_text]<\/p>\n<h2 style=\"text-align: center;\">Bienvenido a PG &amp; ME<\/h2>\n<p style=\"text-align: center;\"><span style=\"font-weight: 400;\">Somos una Firma Jur\u00eddica, Fiscal y Contable que se destaca por prestar servicios profesionales de la m\u00e1s alta calidad, al contar con m\u00e1s de 25 a\u00f1os de experiencia y respetuosa del marco jur\u00eddico y fiscal.<\/span><\/p>\n<p>[\/vc_column_text][vc_btn title=\u00bbNosotros\u00bb style=\u00bbflat\u00bb shape=\u00bbsquare\u00bb color=\u00bbpeacoc\u00bb align=\u00bbcenter\u00bb link=\u00bburl:http%3A%2F%2Fpgyme.com%2F%3Fpage_id%3D7661&#8243;][\/vc_column][\/vc_row][vc_row full_width=\u00bbstretch_row_content_no_spaces\u00bb equal_height=\u00bbyes\u00bb content_placement=\u00bbmiddle\u00bb _et_uniqid=\u00bbet_custom_uniqid_new_6182fa786569a\u00bb][vc_column width=\u00bb1\/2&#8243; css=\u00bb.vc_custom_1635973935881{padding-top: 20% !important;padding-right: 15% !important;padding-bottom: 20% !important;padding-left: 15% !important;}\u00bb _et_uniqid=\u00bbet_custom_uniqid_new_6182fb27d38c0&#8243;][vc_column_text]<\/p>\n<h2 style=\"text-align: center;\">NUESTROS SERVICIOS<\/h2>\n<p style=\"text-align: center;\">Contamos con expertos en las distintas \u00e1reas del derecho, desde fiscal, civil y mercantil, hasta propiedad intelectual, laboral y constitucional. Conoce m\u00e1s de nuestros servicios y cont\u00e1ctanos hoy mismo.<\/p>\n<p>[\/vc_column_text][vc_btn title=\u00bbM\u00e1s Informaci\u00f3n\u00bb style=\u00bbflat\u00bb shape=\u00bbsquare\u00bb color=\u00bbpeacoc\u00bb align=\u00bbcenter\u00bb link=\u00bburl:http%3A%2F%2Fpgyme.com%2F%3Fpage_id%3D7663&#8243;][\/vc_column][vc_column width=\u00bb1\/2&#8243; background_position=\u00bbcenter\u00bb css=\u00bb.vc_custom_1637790212616{background-image: url(http:\/\/pgyme.com\/wp-content\/uploads\/2021\/11\/pexels-sora-shimazaki-5669619.jpg?id=7739) !important;background-position: center !important;background-repeat: no-repeat !important;background-size: cover !important;}\u00bb _et_uniqid=\u00bbet_custom_uniqid_new_619eb1f961c24&#8243; offset=\u00bbvc_hidden-sm vc_hidden-xs\u00bb][\/vc_column][\/vc_row][vc_row full_width=\u00bbstretch_row_content_no_spaces\u00bb equal_height=\u00bbyes\u00bb content_placement=\u00bbmiddle\u00bb _et_uniqid=\u00bbet_custom_uniqid_new_6182fa786569a\u00bb][vc_column width=\u00bb1\/2&#8243; background_position=\u00bbcenter\u00bb css=\u00bb.vc_custom_1635974261919{background-image: url(http:\/\/pgyme.com\/wp-content\/uploads\/2021\/11\/pexels-nataliya-vaitkevich-6863174.jpg?id=7741) !important;background-position: center !important;background-repeat: no-repeat !important;background-size: cover !important;}\u00bb _et_uniqid=\u00bbet_custom_uniqid_new_6182fc71a4aee\u00bb][vc_empty_space height=\u00bb320px\u00bb][\/vc_column][vc_column width=\u00bb1\/2&#8243; background_position=\u00bbcenter\u00bb css=\u00bb.vc_custom_1635974135031{padding-top: 20% !important;padding-right: 20% !important;padding-bottom: 20% !important;padding-left: 20% !important;background-position: center !important;background-repeat: no-repeat !important;background-size: cover !important;}\u00bb _et_uniqid=\u00bbet_custom_uniqid_new_6182fbe6a9407&#8243;][vc_column_text]<\/p>\n<h2 style=\"text-align: center;\">CURSOS Y CAPACITACI\u00d3N<\/h2>\n<p style=\"text-align: center;\">Aprovecha la experiencia de nuestros expertos, y acude a uno de nuestros cursos para actualizarte en las distintas tem\u00e1ticas del derecho.<\/p>\n<p>[\/vc_column_text][vc_btn title=\u00bbM\u00e1s Informaci\u00f3n\u00bb style=\u00bbflat\u00bb shape=\u00bbsquare\u00bb color=\u00bbpeacoc\u00bb align=\u00bbcenter\u00bb link=\u00bburl:http%3A%2F%2Fpgyme.com%2F%3Fpage_id%3D7694&#8243;][\/vc_column][\/vc_row][vc_row full_width=\u00bbstretch_row_content_no_spaces\u00bb disable_element=\u00bbyes\u00bb css=\u00bb.vc_custom_1730226326069{margin-bottom: 100px !important;padding-top: 50px !important;padding-bottom: 50px !important;background-color: #161f33 !important;}\u00bb _et_uniqid=\u00bbet_custom_uniqid_new_672128628f2d4&#8243;][vc_column][vc_custom_heading text=\u00bbCONOCE A NUESTROS PROFESIONALES\u00bb font_container=\u00bbtag:h2|font_size:34px|text_align:center|color:%23e2c51d|line_height:42px\u00bb use_theme_fonts=\u00bbyes\u00bb][vc_column_text]<\/p>\n<p style=\"text-align: center;\"><span style=\"color: #ffffff;\">Nuestro equipo de trabajo suma m\u00e1s de 100 a\u00f1os de experiencia. Conoce m\u00e1s de las personas que te ayudar\u00e1n a resolver y llevar de la mejor forma cada uno de tus casos.\u00a0<\/span><\/p>\n<p>[\/vc_column_text][vc_btn title=\u00bbQuienes Somos\u00bb style=\u00bbflat\u00bb shape=\u00bbsquare\u00bb align=\u00bbcenter\u00bb link=\u00bburl:http%3A%2F%2Fpgyme.com%2F%3Fpage_id%3D7661&#8243;][\/vc_column][\/vc_row][vc_section][vc_row full_width=\u00bbstretch_row_content_no_spaces\u00bb css=\u00bb.vc_custom_1730226461549{padding-bottom: 40px !important;background-color: #161f33 !important;}\u00bb _et_uniqid=\u00bbet_custom_uniqid_new_672128e5cb8da\u00bb][vc_column][vc_custom_heading text=\u00bbCONOCE A NUESTROS PROFESIONALES\u00bb font_container=\u00bbtag:h2|font_size:34px|text_align:center|color:%23e2c51d|line_height:42px\u00bb use_theme_fonts=\u00bbyes\u00bb][\/vc_column][\/vc_row][vc_row full_width=\u00bbstretch_row_content\u00bb equal_height=\u00bbyes\u00bb _et_uniqid=\u00bbet_custom_uniqid_new_67212928c7521&#8243; css=\u00bb.vc_custom_1730226533072{margin-bottom: 20px !important;}\u00bb][vc_column css=\u00bb.vc_custom_1730226234670{margin-left: px !important;background-position: center !important;background-repeat: no-repeat !important;background-size: cover !important;}\u00bb _et_uniqid=\u00bbet_custom_uniqid_new_6721280b7f7f2&#8243;][vc_column_text css=\u00bb.vc_custom_1729637845190{margin-top: 40px !important;margin-right: 40px !important;margin-left: 40px !important;}\u00bb]<\/p>\n<h2 style=\"text-align: center;\"><\/h2>\n<h2 style=\"text-align: center;\">Nuestro equipo de trabajo suma m\u00e1s de 100 a\u00f1os de experiencia.<\/h2>\n<p style=\"text-align: center;\">Conoce m\u00e1s de las personas que te ayudar\u00e1n a resolver y llevar de la mejor forma cada uno de tus casos.<\/p>\n<p>[\/vc_column_text][vc_btn title=\u00bbNuestros profesionales\u00bb style=\u00bbflat\u00bb shape=\u00bbsquare\u00bb color=\u00bbpeacoc\u00bb size=\u00bblg\u00bb align=\u00bbcenter\u00bb link=\u00bburl:https%3A%2F%2Fpgyme.com%2F%3Fpage_id%3D7906&#8243;][\/vc_column][\/vc_row][vc_row full_width=\u00bbstretch_row_content_no_spaces\u00bb disable_element=\u00bbyes\u00bb css=\u00bb.vc_custom_1729637809414{background-color: #161f33 !important;}\u00bb _et_uniqid=\u00bbet_custom_uniqid_new_67182da6c0c9b\u00bb][vc_column][vc_empty_space][\/vc_column][\/vc_row][\/vc_section][vc_row css=\u00bb.vc_custom_1634875688250{margin-top: 30px !important;margin-bottom: 30px !important;}\u00bb _et_uniqid=\u00bbet_custom_uniqid_new_6172391fd16c7&#8243;][vc_column][vc_custom_heading text=\u00bbCONT\u00c1CTANOS\u00bb font_container=\u00bbtag:h2|font_size:34px|text_align:center|color:%230a0a0a|line_height:42px\u00bb use_theme_fonts=\u00bbyes\u00bb][vc_empty_space height=\u00bb62px\u00bb][vc_column_text]<div id=\"quform-2b06c4\" class=\"quform quform-2 quform-theme-underlined quform-support-page-caching\"><form id=\"quform-form-2b06c4\" class=\"quform-form quform-form-2\" action=\"\/index.php?rest_route=%2Fwp%2Fv2%2Fpages%2F7659#quform-2b06c4\" method=\"post\" enctype=\"multipart\/form-data\" novalidate=\"novalidate\" data-options=\"{&quot;id&quot;:2,&quot;uniqueId&quot;:&quot;2b06c4&quot;,&quot;theme&quot;:&quot;underlined&quot;,&quot;ajax&quot;:true,&quot;logic&quot;:{&quot;logic&quot;:[],&quot;dependents&quot;:[],&quot;elementIds&quot;:[],&quot;dependentElementIds&quot;:[],&quot;animate&quot;:true},&quot;currentPageId&quot;:1,&quot;errorsIcon&quot;:&quot;&quot;,&quot;updateFancybox&quot;:true,&quot;hasPages&quot;:false,&quot;pages&quot;:[1],&quot;pageProgressType&quot;:&quot;numbers&quot;,&quot;tooltipsEnabled&quot;:true,&quot;tooltipClasses&quot;:&quot;qtip-quform-dark qtip-shadow&quot;,&quot;tooltipMy&quot;:&quot;left center&quot;,&quot;tooltipAt&quot;:&quot;right center&quot;,&quot;isRtl&quot;:false,&quot;scrollOffset&quot;:-50,&quot;scrollSpeed&quot;:800}\"><button class=\"quform-default-submit\" name=\"quform_submit\" type=\"submit\" value=\"submit\" aria-hidden=\"true\" tabindex=\"-1\"><\/button><div class=\"quform-form-inner quform-form-inner-2\"><input type=\"hidden\" name=\"quform_form_id\" value=\"2\" \/><input type=\"hidden\" name=\"quform_form_uid\" value=\"2b06c4\" \/><input type=\"hidden\" name=\"quform_count\" value=\"1\" \/><input type=\"hidden\" name=\"form_url\" value=\"https:\/\/pgyme.com\/index.php?rest_route=%2Fwp%2Fv2%2Fpages%2F7659\" \/><input type=\"hidden\" name=\"referring_url\" value=\"\" \/><input type=\"hidden\" name=\"post_id\" value=\"\" \/><input type=\"hidden\" name=\"post_title\" value=\"\" \/><input type=\"hidden\" name=\"quform_current_page_id\" value=\"1\" \/><input type=\"hidden\" name=\"quform_csrf_token\" value=\"yj7EUaxvugNl8Xcxv9b23TA7mM6his8cyD5TPfEu\" \/><div class=\"quform-elements quform-elements-2 quform-cf quform-responsive-elements-phone-landscape\"><div class=\"quform-element quform-element-page quform-page-1 quform-page-2_1 quform-cf quform-group-style-plain quform-first-page quform-last-page quform-current-page\"><div class=\"quform-child-elements\"><div class=\"quform-element quform-element-row quform-element-row-2_7 quform-3-columns quform-element-row-size-fixed quform-responsive-columns-phone-landscape\"><div class=\"quform-element quform-element-column quform-element-2_8\"><div class=\"quform-element quform-element-text quform-element-2_3 quform-cf quform-element-optional\"><div class=\"quform-spacer\"><div class=\"quform-label quform-label-2_3\"><label class=\"quform-label-text\" for=\"quform_2_3_2b06c4\">NOMBRE<\/label><\/div><div class=\"quform-inner quform-inner-text quform-inner-2_3\"><div class=\"quform-input quform-input-text quform-input-2_3 quform-cf\"><input type=\"text\" id=\"quform_2_3_2b06c4\" name=\"quform_2_3\" class=\"quform-field quform-field-text quform-field-2_3\" \/><\/div><\/div><\/div><\/div><\/div><div class=\"quform-element quform-element-column quform-element-2_9\"><div class=\"quform-element quform-element-text quform-element-2_6 quform-cf quform-element-optional\"><div class=\"quform-spacer\"><div class=\"quform-label quform-label-2_6\"><label class=\"quform-label-text\" for=\"quform_2_6_2b06c4\">TEL\u00c9FONO<\/label><\/div><div class=\"quform-inner quform-inner-text quform-inner-2_6\"><div class=\"quform-input quform-input-text quform-input-2_6 quform-cf\"><input type=\"text\" id=\"quform_2_6_2b06c4\" name=\"quform_2_6\" class=\"quform-field quform-field-text quform-field-2_6\" \/><\/div><\/div><\/div><\/div><\/div><div class=\"quform-element quform-element-column quform-element-2_10\"><div class=\"quform-element quform-element-email quform-element-2_5 quform-cf quform-element-required\"><div class=\"quform-spacer\"><div class=\"quform-label quform-label-2_5\"><label class=\"quform-label-text\" for=\"quform_2_5_2b06c4\">EMAIL<span class=\"quform-required\">*<\/span><\/label><\/div><div class=\"quform-inner quform-inner-email quform-inner-2_5\"><div class=\"quform-input quform-input-email quform-input-2_5 quform-cf\"><input type=\"email\" id=\"quform_2_5_2b06c4\" name=\"quform_2_5\" class=\"quform-field quform-field-email quform-field-2_5\" \/><\/div><\/div><\/div><\/div><\/div><\/div><div class=\"quform-element quform-element-textarea quform-element-2_4 quform-cf quform-element-optional\"><div class=\"quform-spacer\"><div class=\"quform-label quform-label-2_4\"><label class=\"quform-label-text\" for=\"quform_2_4_2b06c4\">MENSAJE<\/label><\/div><div class=\"quform-inner quform-inner-textarea quform-inner-2_4\"><div class=\"quform-input quform-input-textarea quform-input-2_4 quform-cf\"><textarea id=\"quform_2_4_2b06c4\" name=\"quform_2_4\" class=\"quform-field quform-field-textarea quform-field-2_4\"><\/textarea><\/div><\/div><\/div><\/div><div class=\"quform-element quform-element-captcha quform-element-2_12 quform-cf quform-element-required\"><div class=\"quform-spacer\"><div class=\"quform-label quform-label-2_12\"><label class=\"quform-label-text\" for=\"quform_2_12_2b06c4\">Para validar que eres humano, escribe los caracteres<span class=\"quform-required\">*<\/span><\/label><\/div><div class=\"quform-inner quform-inner-captcha quform-inner-2_12\"><div class=\"quform-input quform-input-captcha quform-input-2_12 quform-cf\"><input type=\"text\" id=\"quform_2_12_2b06c4\" name=\"quform_2_12\" class=\"quform-field quform-field-captcha quform-field-2_12\" \/><\/div><div class=\"quform-captcha quform-cf\"><div class=\"quform-captcha-image quform-captcha-image-2_12\"><img src=\"data:image\/png;base64,iVBORw0KGgoAAAANSUhEUgAAAOYAAABQBAMAAAD\/1xTgAAAAG1BMVEX\/\/\/8iIiLj4+PHx8eQkJB0dHQ9PT1ZWVmsrKz42LcfAAAACXBIWXMAAA7EAAAOxAGVKw4bAAADT0lEQVRoge1XPVPbQBAVpw+7ZP0hU8oDQyhtgjMp0RCSlAgyCSXHxCQlIgG3GAfCz87eh609ScgmA6ruNbI02nt7u2+fzo5jYWFhYWFhYWHxymAfaqXbOnDYPYejmujYfXrlAoSAWK+D8PHxkAN0fVBo1UC5rbnq5Ew0V1Nfz2rgTBVVz+HiMv4c1cAZK85jZ+sRf9bB6Dj+xQQVK7lS6NZCqbjgFi8MYKM2zqFSTnOl4WQvw9lQG8TL5TLCva\/QMR\/9mUxOVuC45+H1gNwLC8LLmirx09g8lNqOaBJy1H4upXwQr4V0eQzcd5xptWz3bvQE05em6tF+yfsj8lAbDpVoXzY0wSF9Gp5mlCWZAyXQme3xEvPaSWkT5sZDPiCYBr4A+VYZWJNBY1PbgUw9KASyj0BXw3zDO\/YXoE1eERVzq702QK86HfimzvpS6V5urlnUEJQD8pqMMgspGupXe60vNzjU9rFYTIQ0cvscdgUnyS1WDRkafcFEWkG5FObwJCc3bWNNsKF2SYF2vg04nBz4lJPLogpFGAtCF52BDlAeriiMD+Y5QjRqwkmgi408Fn3zSNGYqmDf1J9oaGI8KUIkmSvt\/Aux2PtI3M3E2pSzqTLtm8OiYqsdnoPDeN6R36gZuNK3iRCoCxxuKaenzAaLdE5jAxHZdqrw7pcqrT\/OnmESvdn7ZLH7OMTEGU7UWQmn8+k6ogt6Kx0RZGlj0vZtCPHG5fNQN+IQMTiHThlnHhxg6TGTSf0lRN6JqlY\/G5YpXDJYT2Cn2M8ChHFWyVZAqXZKFtDj5WfD3oAN5OzDaVG3jndhMvjVzqfzEn0bZpPHtOE3M8kz\/AktdCbaqVRJb5g3utGXaAmlKq32uxxnZmoxHEGLmeqYyhpi\/LMP7NoQYpKt7gc13ADamFpscKIVdnc3k+VnggKwtPKgQGYqVb0NyNi6+BekLWaPrM94yad3FWBgRx0UssZPFVlMN5UIX2qa5q2to9oASrD4aJNQLNqJdDwiyG3phQ\/fjWB5NulFz+VsaMbeaRYqihZy8zveLN3P6AbGy2axCHWmub4redgzVkufL5WngHv6Ufw3M8Jd5jbg\/S689d9wd0tTeftyDBYWFhYWFhYWFhavjH\/R7YEX7uJ\/GgAAAABJRU5ErkJggg==\" alt=\"CAPTCHA image\" data-element-id=\"12\" width=\"115\" height=\"40\" \/><\/div><\/div><p class=\"quform-description quform-description-below\">Esto nos ayuda a evitar SPAM<\/p><\/div><\/div><\/div><div class=\"quform-element quform-element-submit quform-element-2_2 quform-cf quform-button-style-theme\"><div class=\"quform-button-submit quform-button-submit-default quform-button-submit-2_2\"><button name=\"quform_submit\" type=\"submit\" class=\"quform-submit\" value=\"submit\"><span class=\"quform-button-text quform-button-submit-text\">Enviar<\/span><\/button><\/div><div class=\"quform-loading quform-loading-position-left quform-loading-type-spinner-1\"><div class=\"quform-loading-inner\"><div class=\"quform-loading-spinner\"><div class=\"quform-loading-spinner-inner\"><\/div><\/div><\/div><\/div><\/div><div class=\"quform-element-tree\"><label for=\"quform_2_0_2b06c4\">This field should be left blank<\/label><input type=\"text\" id=\"quform_2_0_2b06c4\" name=\"quform_2_0\" class=\"quform-field quform-field-tree quform-field-2_0\" tabindex=\"-1\" autocomplete=\"off\" \/><\/div><\/div><\/div><\/div><\/div><\/form><\/div>[\/vc_column_text][\/vc_column][\/vc_row]<\/p>\n","protected":false},"excerpt":{"rendered":"<p>[vc_row][vc_column][\/vc_column][\/vc_row][vc_row css=\u00bb.vc_custom_1634875131349{margin-top: 100px !important;margin-bottom: 100px !important;}\u00bb _et_uniqid=\u00bbet_custom_uniqid_new_617236f1e29c7&#8243;][vc_column][vc_column_text] Bienvenido a PG &amp; ME Somos una Firma Jur\u00eddica, Fiscal y Contable que se destaca por prestar servicios profesionales de la m\u00e1s alta calidad, al contar con m\u00e1s de 25 a\u00f1os de experiencia y respetuosa del marco jur\u00eddico y fiscal. [\/vc_column_text][vc_btn title=\u00bbNosotros\u00bb style=\u00bbflat\u00bb shape=\u00bbsquare\u00bb color=\u00bbpeacoc\u00bb align=\u00bbcenter\u00bb link=\u00bburl:http%3A%2F%2Fpgyme.com%2F%3Fpage_id%3D7661&#8243;][\/vc_column][\/vc_row][vc_row full_width=\u00bbstretch_row_content_no_spaces\u00bb equal_height=\u00bbyes\u00bb content_placement=\u00bbmiddle\u00bb _et_uniqid=\u00bbet_custom_uniqid_new_6182fa786569a\u00bb][vc_column width=\u00bb1\/2&#8243; css=\u00bb.vc_custom_1635973935881{padding-top: 20% !important;padding-right: 15% !important;padding-bottom: 20% !important;padding-left: 15% !important;}\u00bb _et_uniqid=\u00bbet_custom_uniqid_new_6182fb27d38c0&#8243;][vc_column_text] NUESTROS SERVICIOS Contamos con expertos en las distintas \u00e1reas del derecho, desde fiscal, civil y mercantil, hasta propiedad intelectual, laboral y constitucional. Conoce m\u00e1s de nuestros servicios y cont\u00e1ctanos hoy mismo&#8230;.<\/p>\n","protected":false},"author":1,"featured_media":0,"parent":0,"menu_order":0,"comment_status":"closed","ping_status":"closed","template":"","meta":[],"_links":{"self":[{"href":"https:\/\/pgyme.com\/index.php?rest_route=\/wp\/v2\/pages\/7659"}],"collection":[{"href":"https:\/\/pgyme.com\/index.php?rest_route=\/wp\/v2\/pages"}],"about":[{"href":"https:\/\/pgyme.com\/index.php?rest_route=\/wp\/v2\/types\/page"}],"author":[{"embeddable":true,"href":"https:\/\/pgyme.com\/index.php?rest_route=\/wp\/v2\/users\/1"}],"replies":[{"embeddable":true,"href":"https:\/\/pgyme.com\/index.php?rest_route=%2Fwp%2Fv2%2Fcomments&post=7659"}],"version-history":[{"count":13,"href":"https:\/\/pgyme.com\/index.php?rest_route=\/wp\/v2\/pages\/7659\/revisions"}],"predecessor-version":[{"id":7985,"href":"https:\/\/pgyme.com\/index.php?rest_route=\/wp\/v2\/pages\/7659\/revisions\/7985"}],"wp:attachment":[{"href":"https:\/\/pgyme.com\/index.php?rest_route=%2Fwp%2Fv2%2Fmedia&parent=7659"}],"curies":[{"name":"wp","href":"https:\/\/api.w.org\/{rel}","templated":true}]}}