{"id":7661,"date":"2021-10-11T05:30:14","date_gmt":"2021-10-11T05:30:14","guid":{"rendered":"http:\/\/pgyme.com\/?page_id=7661"},"modified":"2024-10-24T01:29:56","modified_gmt":"2024-10-24T01:29:56","slug":"nosotros","status":"publish","type":"page","link":"https:\/\/pgyme.com\/?page_id=7661","title":{"rendered":"Nosotros"},"content":{"rendered":"<p>[vc_row css=\u00bb.vc_custom_1636681648555{margin-top: 40px !important;}\u00bb _et_uniqid=\u00bbet_custom_uniqid_new_618dc7ab11f22&#8243;][vc_column][vc_column_text]<\/p>\n<h3 style=\"text-align: center;\">QUIENES SOMOS<\/h3>\n<p style=\"text-align: center;\">Somos una Firma Jur\u00eddica, Fiscal y Contable que se destaca por prestar servicios profesionales de la m\u00e1s alta calidad, al contar con m\u00e1s de 25 a\u00f1os de experiencia y respetuosa del marco jur\u00eddico y fiscal.<\/p>\n<p style=\"text-align: center;\">Nuestra firma ha consolidado un equipo de excelentes profesionistas, multidisciplinario en las diversas \u00e1reas del Derecho y de la Contadur\u00eda P\u00fablica, contando con la debida madurez, experiencia y sabidur\u00eda debido a la constante actualizaci\u00f3n y preparaci\u00f3n de todos los miembros que integramos esta firma.<\/p>\n<p style=\"text-align: center;\">Actualmente se encuentra formada por tres socios, los cuales cuentan con alta capacidad intelectual, formal y moral, as\u00ed como una alta sensibilidad para dar soluci\u00f3n a los problemas que nos son encomendados, transmitiendo esos valores a nuestros colaboradores para juntos llegar a la c\u00faspide del \u00e9xito.<\/p>\n<p>[\/vc_column_text][\/vc_column][\/vc_row][vc_row full_width=\u00bbstretch_row_content\u00bb css=\u00bb.vc_custom_1636682263101{margin-top: 20px !important;padding-top: 60px !important;padding-bottom: 40px !important;background-color: #161f33 !important;}\u00bb _et_uniqid=\u00bbet_custom_uniqid_new_618dca0fac136&#8243;][vc_column][vc_column_text]<\/p>\n<h3 style=\"text-align: center;\"><span style=\"color: #e5b729;\">MISI\u00d3N<\/span><\/h3>\n<p style=\"text-align: center;\"><span style=\"color: #ffffff;\">Prestar servicios Jur\u00eddicos, Fiscales y Contables de la m\u00e1s alta calidad que causen un impacto positivo a nuestros clientes como a la sociedad.<\/span><\/p>\n<p>[\/vc_column_text][\/vc_column][\/vc_row][vc_row css=\u00bb.vc_custom_1636686959677{margin-top: 20px !important;margin-bottom: 40px !important;padding-top: 60px !important;padding-bottom: 60px !important;}\u00bb _et_uniqid=\u00bbet_custom_uniqid_new_618ddc6840046&#8243;][vc_column][vc_column_text]<\/p>\n<h3 style=\"text-align: center;\">VISI\u00d3N<\/h3>\n<p style=\"text-align: center;\">Ser una firma de Abogados Corporativos, Fiscalistas, Administrativistas y Contadores-Auditores, Financieros y Fiscales, altamente competitiva, brindando a nuestros clientes servicios especializados en el \u00e1mbito empresarial de igual forma atendiendo sus necesidades jur\u00eddicas personales, en el occidente del pa\u00eds, teniendo presencia adem\u00e1s a nivel nacional.<\/p>\n<p>[\/vc_column_text][\/vc_column][\/vc_row][vc_row full_width=\u00bbstretch_row_content\u00bb equal_height=\u00bbyes\u00bb _et_uniqid=\u00bbet_custom_uniqid_new_618dd828a1285&#8243;][vc_column width=\u00bb1\/4&#8243; css=\u00bb.vc_custom_1636686045954{padding-top: 5% !important;padding-right: 5% !important;padding-bottom: 5% !important;padding-left: 5% !important;background-color: #161f33 !important;}\u00bb _et_uniqid=\u00bbet_custom_uniqid_new_618dd8d4229e7&#8243;][vc_empty_space][vc_column_text]<\/p>\n<h3 style=\"text-align: center;\"><span style=\"color: #e5b729;\">HONESTIDAD<\/span><\/h3>\n<p style=\"text-align: center;\"><span style=\"color: #ffffff;\">Nos conducimos con toda sinceridad, franqueza y nos esforzamos por ser \u00fatiles en beneficio de nuestros representados, ya que es nuestro primordial valor como firma.<\/span><\/p>\n<p>[\/vc_column_text][vc_empty_space][\/vc_column][vc_column width=\u00bb1\/4&#8243; css=\u00bb.vc_custom_1636686074759{padding-top: 5% !important;padding-right: 5% !important;padding-bottom: 5% !important;padding-left: 5% !important;background-color: #2e3a54 !important;}\u00bb _et_uniqid=\u00bbet_custom_uniqid_new_618dd8f2e64ad\u00bb][vc_empty_space][vc_column_text]<\/p>\n<h3 style=\"text-align: center;\"><span style=\"color: #e5b729;\">LEALTAD<\/span><\/h3>\n<p style=\"text-align: center;\"><span style=\"color: #ffffff;\">Nos conducimos con sumo respeto hacia nuestros clientes y con la fidelidad que se merecen para garantizar el \u00e9xito en los negocios que nos propongan.<\/span><\/p>\n<p>[\/vc_column_text][vc_empty_space][\/vc_column][vc_column width=\u00bb1\/4&#8243; css=\u00bb.vc_custom_1636686080649{padding-top: 5% !important;padding-right: 5% !important;padding-bottom: 5% !important;padding-left: 5% !important;background-color: #161f33 !important;}\u00bb _et_uniqid=\u00bbet_custom_uniqid_new_618dd8f94de74&#8243;][vc_empty_space][vc_column_text]<\/p>\n<h3 style=\"text-align: center;\"><span style=\"color: #e5b729;\">PROFESIONALISMO<\/span><\/h3>\n<p style=\"text-align: center;\"><span style=\"color: #ffffff;\">Seriedad con la que tomamos, accionamos y cumplimos la totalidad de los asuntos, por lo que nos distingue la calidad y compromiso con los que los tratamos, por ser profesionales en todos los \u00e1mbitos que nos ocupan.<\/span><\/p>\n<p>[\/vc_column_text][vc_empty_space][\/vc_column][vc_column width=\u00bb1\/4&#8243; css=\u00bb.vc_custom_1636686086497{padding-top: 5% !important;padding-right: 5% !important;padding-bottom: 5% !important;padding-left: 5% !important;background-color: #2e3a54 !important;}\u00bb _et_uniqid=\u00bbet_custom_uniqid_new_618dd8ff00b66&#8243;][vc_empty_space][vc_column_text]<\/p>\n<h3 style=\"text-align: center;\"><span style=\"color: #e5b729;\">RESPETO<\/span><\/h3>\n<p style=\"text-align: center;\"><span style=\"color: #ffffff;\">Nos conducimos con austeridad y sin ostentaci\u00f3n, y otorgamos un trato digno y cordial a las personas en general y a nuestros compa\u00f1eros y compa\u00f1eras de trabajo.<\/span><\/p>\n<p>[\/vc_column_text][vc_empty_space][\/vc_column][\/vc_row][vc_row full_width=\u00bbstretch_row_content\u00bb equal_height=\u00bbyes\u00bb _et_uniqid=\u00bbet_custom_uniqid_new_618dd82d9b2b7&#8243;][vc_column width=\u00bb1\/4&#8243; css=\u00bb.vc_custom_1636686092321{padding-top: 5% !important;padding-right: 5% !important;padding-bottom: 5% !important;padding-left: 5% !important;background-color: #2e3a54 !important;}\u00bb _et_uniqid=\u00bbet_custom_uniqid_new_618dd9051ad06&#8243;][vc_empty_space][vc_column_text]<\/p>\n<h3 style=\"text-align: center;\"><span style=\"color: #e5b729;\">DILIGENCIA<\/span><\/h3>\n<p style=\"text-align: center;\"><span style=\"color: #ffffff;\">Esmero y cuidado en ejecutar todo lo relacionado con nuestros asuntos, clientes y personal, por lo que nos lleva a tener una prontitud al realizar nuestros actos.<\/span><\/p>\n<p>[\/vc_column_text][vc_empty_space][\/vc_column][vc_column width=\u00bb1\/4&#8243; css=\u00bb.vc_custom_1636686098328{padding-top: 5% !important;padding-right: 5% !important;padding-bottom: 5% !important;padding-left: 5% !important;background-color: #161f33 !important;}\u00bb _et_uniqid=\u00bbet_custom_uniqid_new_618dd90aa95ce\u00bb][vc_empty_space][vc_column_text]<\/p>\n<h3 style=\"text-align: center;\"><span style=\"color: #e5b729;\">PERSEVERANCIA<\/span><\/h3>\n<p style=\"text-align: center;\"><span style=\"color: #ffffff;\">Valor fundamental el cual nos permite seguir adelante y no rendirse a pesar de las frustraciones o des\u00e1nimo para llegar al objetivo de los clientes.<\/span><\/p>\n<p>[\/vc_column_text][vc_empty_space][\/vc_column][vc_column width=\u00bb1\/4&#8243; css=\u00bb.vc_custom_1636686105145{padding-top: 5% !important;padding-right: 5% !important;padding-bottom: 5% !important;padding-left: 5% !important;background-color: #2e3a54 !important;}\u00bb _et_uniqid=\u00bbet_custom_uniqid_new_618dd910bb6c7&#8243;][vc_empty_space][vc_column_text]<\/p>\n<h3 style=\"text-align: center;\"><span style=\"color: #e5b729;\">PROACTIVIDAD<\/span><\/h3>\n<p style=\"text-align: center;\"><span style=\"color: #ffffff;\">Tomamos activamente el control de las situaciones que se nos plantean, anticip\u00e1ndonos a los acontecimientos que pudieran ocurrir en el trayecto en busca de los resultados deseados.<\/span><\/p>\n<p>[\/vc_column_text][vc_empty_space][\/vc_column][vc_column width=\u00bb1\/4&#8243; css=\u00bb.vc_custom_1636686110890{padding-top: 5% !important;padding-right: 5% !important;padding-bottom: 5% !important;padding-left: 5% !important;background-color: #161f33 !important;}\u00bb _et_uniqid=\u00bbet_custom_uniqid_new_618dd9178c11f\u00bb][vc_empty_space][vc_column_text]<\/p>\n<h3 style=\"text-align: center;\"><span style=\"color: #e5b729;\">EXCELENCIA<\/span><\/h3>\n<p style=\"text-align: center;\"><span style=\"color: #ffffff;\">Virtud con la que cuenta nuestra firma para la realizaci\u00f3n de todas y cada una de las actividades encomendadas para la ejecuci\u00f3n de nuestras tareas y las cuales resultan extraordinarias al momento de dar resultados.<\/span><\/p>\n<p>[\/vc_column_text][vc_empty_space][\/vc_column][\/vc_row][vc_row disable_element=\u00bbyes\u00bb css=\u00bb.vc_custom_1729732630801{margin-top: 20px !important;margin-bottom: 40px !important;padding-top: 60px !important;padding-bottom: 60px !important;}\u00bb _et_uniqid=\u00bbet_custom_uniqid_new_6719a00b5a45f\u00bb][vc_column][vc_column_text]<\/p>\n<h3 style=\"text-align: center;\">NUESTROS ABOGADOS<\/h3>\n<p style=\"text-align: center;\">Conoce a los abogados que forman parte de PGyMe<\/p>\n<p>[\/vc_column_text][\/vc_column][\/vc_row][vc_row full_width=\u00bbstretch_row_content_no_spaces\u00bb equal_height=\u00bbyes\u00bb content_placement=\u00bbmiddle\u00bb disable_element=\u00bbyes\u00bb _et_uniqid=\u00bbet_custom_uniqid_new_6719a05bc2d00&#8243;][vc_column width=\u00bb1\/2&#8243; css=\u00bb.vc_custom_1644609692664{padding-top: 20% !important;padding-right: 15% !important;padding-bottom: 20% !important;padding-left: 15% !important;}\u00bb _et_uniqid=\u00bbet_custom_uniqid_new_6206c09454e72&#8243; offset=\u00bbvc_hidden-sm vc_hidden-xs\u00bb][vc_column_text]<\/p>\n<h2 style=\"text-align: left;\"><strong>L.D. y L.C.P. Ricardo de Jes\u00fas Mart\u00ednez Enr\u00edquez<br \/>\nSOCIO<\/strong><\/h2>\n<p>Estudios:<\/p>\n<ul>\n<li>Licenciado en Derecho<\/li>\n<li>Licenciado en Contadur\u00eda Publica<\/li>\n<li>Diplomado Juicios Contencioso Administrativo y Recurso de<br \/>\nRevocaci\u00f3n<\/li>\n<li>Diplomado en Temas Selectos en Defensa Fiscal<\/li>\n<li>Diplomado en Defensa Estrat\u00e9gica Fiscal<\/li>\n<\/ul>\n<p>Experiencia Profesional<\/p>\n<ul>\n<li>Socio fundador y director de la firma de contadores p\u00fablicos<br \/>\nMSTORS S.C.<\/li>\n<li>Socio fundador y director de la firma TAX LEDEARS S.C.<\/li>\n<li>Socio fundador de la firma PG&amp;ME Firma Jur\u00eddica, Fiscal,<br \/>\nCorporativa y Contable<\/li>\n<li>Cuenta con 35 a\u00f1os de experiencia en el \u00e1rea fiscal.<br \/>\nAsesor de diversas Empresas, Sociedades y Fundaciones.<\/li>\n<\/ul>\n<p>[\/vc_column_text][\/vc_column][vc_column width=\u00bb1\/2&#8243; background_position=\u00bbcenter_top\u00bb css=\u00bb.vc_custom_1639089308482{background-image: url(http:\/\/pgyme.com\/wp-content\/uploads\/2021\/12\/WhatsApp-Image-2021-12-07-at-5.26.38-PM.jpeg?id=7857) !important;background-position: center !important;background-repeat: no-repeat !important;background-size: cover !important;}\u00bb _et_uniqid=\u00bbet_custom_uniqid_new_61b2848a2c1d5&#8243; offset=\u00bbvc_hidden-sm vc_hidden-xs\u00bb][\/vc_column][\/vc_row][vc_section][vc_row][vc_column][vc_empty_space][\/vc_column][\/vc_row][\/vc_section]<\/p>\n","protected":false},"excerpt":{"rendered":"<p>[vc_row css=\u00bb.vc_custom_1636681648555{margin-top: 40px !important;}\u00bb _et_uniqid=\u00bbet_custom_uniqid_new_618dc7ab11f22&#8243;][vc_column][vc_column_text] QUIENES SOMOS Somos una Firma Jur\u00eddica, Fiscal y Contable que se destaca por prestar servicios profesionales de la m\u00e1s alta calidad, al contar con m\u00e1s de 25 a\u00f1os de experiencia y respetuosa del marco jur\u00eddico y fiscal. Nuestra firma ha consolidado un equipo de excelentes profesionistas, multidisciplinario en las diversas \u00e1reas del Derecho y de la Contadur\u00eda P\u00fablica, contando con la debida madurez, experiencia y sabidur\u00eda debido a la constante actualizaci\u00f3n y preparaci\u00f3n de todos los miembros que integramos esta firma. Actualmente se encuentra formada por tres socios, los cuales cuentan con alta capacidad intelectual,&#8230;<\/p>\n","protected":false},"author":1,"featured_media":0,"parent":0,"menu_order":0,"comment_status":"closed","ping_status":"closed","template":"","meta":[],"_links":{"self":[{"href":"https:\/\/pgyme.com\/index.php?rest_route=\/wp\/v2\/pages\/7661"}],"collection":[{"href":"https:\/\/pgyme.com\/index.php?rest_route=\/wp\/v2\/pages"}],"about":[{"href":"https:\/\/pgyme.com\/index.php?rest_route=\/wp\/v2\/types\/page"}],"author":[{"embeddable":true,"href":"https:\/\/pgyme.com\/index.php?rest_route=\/wp\/v2\/users\/1"}],"replies":[{"embeddable":true,"href":"https:\/\/pgyme.com\/index.php?rest_route=%2Fwp%2Fv2%2Fcomments&post=7661"}],"version-history":[{"count":21,"href":"https:\/\/pgyme.com\/index.php?rest_route=\/wp\/v2\/pages\/7661\/revisions"}],"predecessor-version":[{"id":7982,"href":"https:\/\/pgyme.com\/index.php?rest_route=\/wp\/v2\/pages\/7661\/revisions\/7982"}],"wp:attachment":[{"href":"https:\/\/pgyme.com\/index.php?rest_route=%2Fwp%2Fv2%2Fmedia&parent=7661"}],"curies":[{"name":"wp","href":"https:\/\/api.w.org\/{rel}","templated":true}]}}