{"id":7663,"date":"2021-10-11T05:29:35","date_gmt":"2021-10-11T05:29:35","guid":{"rendered":"http:\/\/pgyme.com\/?page_id=7663"},"modified":"2024-10-30T01:42:34","modified_gmt":"2024-10-30T01:42:34","slug":"servicios","status":"publish","type":"page","link":"https:\/\/pgyme.com\/?page_id=7663","title":{"rendered":"Servicios"},"content":{"rendered":"<p>[vc_row css=\u00bb.vc_custom_1636681428998{margin-top: 40px !important;}\u00bb _et_uniqid=\u00bbet_custom_uniqid_new_618dc6cec2a57&#8243;][vc_column][vc_column_text]<\/p>\n<h2 style=\"text-align: center;\">Bienvenido a PG &amp; ME<\/h2>\n<p style=\"text-align: center;\"><span style=\"font-weight: 400;\">Somos una Firma Jur\u00eddica, Fiscal y Contable que se destaca por prestar servicios profesionales de la m\u00e1s alta calidad, al contar con m\u00e1s de 25 a\u00f1os de experiencia y respetuosa del marco jur\u00eddico y fiscal.<\/span><\/p>\n<p>[\/vc_column_text][\/vc_column][\/vc_row][vc_row _et_uniqid=\u00bbet_custom_uniqid_new_618dc19c42979&#8243; css=\u00bb.vc_custom_1636680100679{margin-bottom: 80px !important;}\u00bb][vc_column width=\u00bb1\/2&#8243;][vc_tta_accordion style=\u00bbmodern\u00bb c_position=\u00bbright\u00bb active_section=\u00bb888&#8243; collapsible_all=\u00bbtrue\u00bb][vc_tta_section title=\u00bbDERECHO FISCAL\u00bb tab_id=\u00bb1636680145956-2961fb9d-0131&#8243;][vc_column_text css=\u00bb.vc_custom_1730252548945{padding-top: 5% !important;padding-right: 5% !important;padding-bottom: 5% !important;padding-left: 5% !important;}\u00bb]<\/p>\n<ul>\n<li>Compliance Fiscal<\/li>\n<li>Asesor\u00eda Fiscal<\/li>\n<li>Acuerdos Conclusivos<\/li>\n<li>Atenci\u00f3n a Autoridades Hacendarias<\/li>\n<li>Asesor\u00eda en Materialidad Fiscal de los Actos Jur\u00eddicos<\/li>\n<li>Aseguramiento\/Congelamiento de Cuentas Bancarias del Contribuyente<\/li>\n<li>Restricci\u00f3n y Cancelaci\u00f3n de Sellos Digitales<\/li>\n<li>Asesor\u00eda en el Procedimiento Administrativo de Ejecuci\u00f3n<\/li>\n<li>Garant\u00eda de Inter\u00e9s Fiscal<\/li>\n<li>Litigio en Materia Fiscal y Administrativa<\/li>\n<\/ul>\n<p>[\/vc_column_text][\/vc_tta_section][vc_tta_section title=\u00bbDERECHO CIVIL\u00bb tab_id=\u00bb1636680145978-34d16185-35c4&#8243;][vc_column_text css=\u00bb.vc_custom_1636681548480{padding-top: 5% !important;padding-right: 5% !important;padding-bottom: 5% !important;padding-left: 5% !important;}\u00bb]<\/p>\n<ul>\n<li>Contractual<\/li>\n<li>Sociedades Civiles<\/li>\n<li>Asociaciones Civiles<\/li>\n<li>Fundaciones<\/li>\n<li>Bienes y Derechos Reales<\/li>\n<li>Condominal<\/li>\n<\/ul>\n<p>[\/vc_column_text][\/vc_tta_section][vc_tta_section title=\u00bbDERECHO MERCANTIL\u00bb tab_id=\u00bb1636680146002-2a7a6ad3-3f8d\u00bb][vc_column_text css=\u00bb.vc_custom_1636681555841{padding-top: 5% !important;padding-right: 5% !important;padding-bottom: 5% !important;padding-left: 5% !important;}\u00bb]<\/p>\n<ul>\n<li>T\u00edtulos de Cr\u00e9dito<\/li>\n<li>Operaciones de Cr\u00e9dito<\/li>\n<li>Contratos Mercantiles<\/li>\n<li>Asociaciones en Participaci\u00f3n<\/li>\n<li>Fideicomisos<\/li>\n<li>Obligaciones mercantiles<\/li>\n<li>Factoraje Financiero<\/li>\n<\/ul>\n<p>[\/vc_column_text][\/vc_tta_section][vc_tta_section title=\u00bbDERECHO FAMILIAR\u00bb tab_id=\u00bb1636680146027-04fff9bd-3488&#8243;][vc_column_text css=\u00bb.vc_custom_1636681563235{padding-top: 5% !important;padding-right: 5% !important;padding-bottom: 5% !important;padding-left: 5% !important;}\u00bb]<\/p>\n<ul>\n<li>Sucesiones<\/li>\n<li>Alimentos<\/li>\n<li>Divorcios<\/li>\n<li>Custodia<\/li>\n<li>Patria Potestad<\/li>\n<li>Convivencia<\/li>\n<li>Adopci\u00f3n<\/li>\n<li>Concubinato<\/li>\n<li>Patrimonio Familiar<\/li>\n<\/ul>\n<p>[\/vc_column_text][\/vc_tta_section][vc_tta_section title=\u00bbLITIGIO\u00bb tab_id=\u00bb1636680146050-999e3068-6174&#8243;][vc_column_text css=\u00bb.vc_custom_1636681570171{padding-top: 5% !important;padding-right: 5% !important;padding-bottom: 5% !important;padding-left: 5% !important;}\u00bb]<\/p>\n<ul>\n<li>Civil<\/li>\n<li>Mercantil<\/li>\n<li>Familiar<\/li>\n<li>Constitucional<\/li>\n<li>Fiscal<\/li>\n<li>Administrativo<\/li>\n<li>Laboral<\/li>\n<\/ul>\n<p>[\/vc_column_text][\/vc_tta_section][vc_tta_section title=\u00bbLABORAL\u00bb tab_id=\u00bb1636680146076-711986b8-446d\u00bb][vc_column_text css=\u00bb.vc_custom_1636681577375{padding-top: 5% !important;padding-right: 5% !important;padding-bottom: 5% !important;padding-left: 5% !important;}\u00bb]<\/p>\n<ul>\n<li>Contratos y Convenios Laborales<\/li>\n<li>Asesor\u00eda en derecho individual y colectivo del trabajo<\/li>\n<li>Terminaci\u00f3n de Relaciones Laborales<\/li>\n<li>Subcontrataci\u00f3n Laboral<\/li>\n<li>Sustituci\u00f3n Patronal<\/li>\n<\/ul>\n<p>[\/vc_column_text][\/vc_tta_section][\/vc_tta_accordion][\/vc_column][vc_column width=\u00bb1\/2&#8243;][vc_tta_accordion style=\u00bbmodern\u00bb c_position=\u00bbright\u00bb active_section=\u00bb888&#8243; collapsible_all=\u00bbtrue\u00bb][vc_tta_section title=\u00bbCONSTITUCIONAL\u00bb tab_id=\u00bb1636676401756-ad56ce6d-8be9&#8243;][vc_column_text css=\u00bb.vc_custom_1636681587769{padding-top: 5% !important;padding-right: 5% !important;padding-bottom: 5% !important;padding-left: 5% !important;}\u00bb]<\/p>\n<ul>\n<li>Amparo<\/li>\n<li>Acciones de inconstitucionalidad<\/li>\n<li>Controversia Constitucional<\/li>\n<li>Mecanismos para Defensa de Derechos Humanos<\/li>\n<\/ul>\n<p>[\/vc_column_text][\/vc_tta_section][vc_tta_section title=\u00bbDERECHO DE LA PROPIEDAD INTELECTUAL\u00bb tab_id=\u00bb1636676425468-cef36401-055c\u00bb][vc_column_text css=\u00bb.vc_custom_1636681594403{padding-top: 5% !important;padding-right: 5% !important;padding-bottom: 5% !important;padding-left: 5% !important;}\u00bb]<\/p>\n<ul>\n<li>Marcas<\/li>\n<li>Patentes<\/li>\n<li>Avisos Comerciales<\/li>\n<li>Modelos de Utilidad<\/li>\n<li>Denominaciones de Origen<\/li>\n<li>Derechos de Autor<\/li>\n<\/ul>\n<p>[\/vc_column_text][\/vc_tta_section][vc_tta_section title=\u00bbDERECHO CORPORATIVO\u00bb tab_id=\u00bb1636676450722-ca70fa7a-680e\u00bb][vc_column_text css=\u00bb.vc_custom_1636681601797{padding-top: 5% !important;padding-right: 5% !important;padding-bottom: 5% !important;padding-left: 5% !important;}\u00bb]<\/p>\n<ul>\n<li>Societario<\/li>\n<li>Creaci\u00f3n, Fusi\u00f3n, Escisi\u00f3n, Disoluci\u00f3n de Sociedades Mercantiles<\/li>\n<li>Gobierno Corporativo<\/li>\n<\/ul>\n<p>[\/vc_column_text][\/vc_tta_section][vc_tta_section title=\u00bbCONTADUR\u00cdA\u00bb tab_id=\u00bb1636676480878-ea7ceae6-9817&#8243;][vc_column_text css=\u00bb.vc_custom_1636681609105{padding-top: 5% !important;padding-right: 5% !important;padding-bottom: 5% !important;padding-left: 5% !important;}\u00bb]<\/p>\n<ul>\n<li>Auditor\u00eda en Materia Fiscal<\/li>\n<li>Auditor\u00eda en Materia Financiera<\/li>\n<li>Contabilidad<\/li>\n<\/ul>\n<p>[\/vc_column_text][\/vc_tta_section][vc_tta_section title=\u00bbCONVENIOS\u00bb tab_id=\u00bb1636676479605-2ddb0ef9-afe3&#8243;][vc_column_text css=\u00bb.vc_custom_1636681617421{padding-top: 5% !important;padding-right: 5% !important;padding-bottom: 5% !important;padding-left: 5% !important;}\u00bb]<\/p>\n<ul>\n<li>Transacciones Judiciales<\/li>\n<li>M\u00e9todos alternos<\/li>\n<\/ul>\n<p>[\/vc_column_text][\/vc_tta_section][\/vc_tta_accordion][\/vc_column][\/vc_row]<\/p>\n","protected":false},"excerpt":{"rendered":"<p>[vc_row css=\u00bb.vc_custom_1636681428998{margin-top: 40px !important;}\u00bb _et_uniqid=\u00bbet_custom_uniqid_new_618dc6cec2a57&#8243;][vc_column][vc_column_text] Bienvenido a PG &amp; ME Somos una Firma Jur\u00eddica, Fiscal y Contable que se destaca por prestar servicios profesionales de la m\u00e1s alta calidad, al contar con m\u00e1s de 25 a\u00f1os de experiencia y respetuosa del marco jur\u00eddico y fiscal. [\/vc_column_text][\/vc_column][\/vc_row][vc_row _et_uniqid=\u00bbet_custom_uniqid_new_618dc19c42979&#8243; css=\u00bb.vc_custom_1636680100679{margin-bottom: 80px !important;}\u00bb][vc_column width=\u00bb1\/2&#8243;][vc_tta_accordion style=\u00bbmodern\u00bb c_position=\u00bbright\u00bb active_section=\u00bb888&#8243; collapsible_all=\u00bbtrue\u00bb][vc_tta_section title=\u00bbDERECHO FISCAL\u00bb tab_id=\u00bb1636680145956-2961fb9d-0131&#8243;][vc_column_text css=\u00bb.vc_custom_1730252548945{padding-top: 5% !important;padding-right: 5% !important;padding-bottom: 5% !important;padding-left: 5% !important;}\u00bb] Compliance Fiscal Asesor\u00eda Fiscal Acuerdos Conclusivos Atenci\u00f3n a Autoridades Hacendarias Asesor\u00eda en Materialidad Fiscal de los Actos Jur\u00eddicos Aseguramiento\/Congelamiento de Cuentas Bancarias del Contribuyente Restricci\u00f3n y Cancelaci\u00f3n de Sellos Digitales Asesor\u00eda en el&#8230;<\/p>\n","protected":false},"author":1,"featured_media":0,"parent":0,"menu_order":0,"comment_status":"closed","ping_status":"closed","template":"","meta":[],"_links":{"self":[{"href":"https:\/\/pgyme.com\/index.php?rest_route=\/wp\/v2\/pages\/7663"}],"collection":[{"href":"https:\/\/pgyme.com\/index.php?rest_route=\/wp\/v2\/pages"}],"about":[{"href":"https:\/\/pgyme.com\/index.php?rest_route=\/wp\/v2\/types\/page"}],"author":[{"embeddable":true,"href":"https:\/\/pgyme.com\/index.php?rest_route=\/wp\/v2\/users\/1"}],"replies":[{"embeddable":true,"href":"https:\/\/pgyme.com\/index.php?rest_route=%2Fwp%2Fv2%2Fcomments&post=7663"}],"version-history":[{"count":12,"href":"https:\/\/pgyme.com\/index.php?rest_route=\/wp\/v2\/pages\/7663\/revisions"}],"predecessor-version":[{"id":7998,"href":"https:\/\/pgyme.com\/index.php?rest_route=\/wp\/v2\/pages\/7663\/revisions\/7998"}],"wp:attachment":[{"href":"https:\/\/pgyme.com\/index.php?rest_route=%2Fwp%2Fv2%2Fmedia&parent=7663"}],"curies":[{"name":"wp","href":"https:\/\/api.w.org\/{rel}","templated":true}]}}