{"id":7684,"date":"2021-10-22T04:12:39","date_gmt":"2021-10-22T04:12:39","guid":{"rendered":"http:\/\/pgyme.com\/?page_id=7684"},"modified":"2021-11-12T01:47:36","modified_gmt":"2021-11-12T01:47:36","slug":"clientes","status":"publish","type":"page","link":"https:\/\/pgyme.com\/?page_id=7684","title":{"rendered":"Clientes"},"content":{"rendered":"<p>[vc_row css=\u00bb.vc_custom_1636681657628{margin-top: 40px !important;}\u00bb _et_uniqid=\u00bbet_custom_uniqid_new_618dc7b3dc00d\u00bb][vc_column][vc_column_text]<\/p>\n<h2 style=\"text-align: center;\"><b>CLIENTES<\/b><\/h2>\n<p style=\"text-align: center;\"><span style=\"font-weight: 400;\">Durante m\u00e1s de 25 a\u00f1os hemos apoyado a clientes de diferentes \u00e1mbitos, tales como, comercial, industrial, inmobiliario, as\u00ed como universidades, patronatos y gobiernos.<\/span><\/p>\n<p>[\/vc_column_text][\/vc_column][\/vc_row]<\/p>\n","protected":false},"excerpt":{"rendered":"<p>[vc_row css=\u00bb.vc_custom_1636681657628{margin-top: 40px !important;}\u00bb _et_uniqid=\u00bbet_custom_uniqid_new_618dc7b3dc00d\u00bb][vc_column][vc_column_text] CLIENTES Durante m\u00e1s de 25 a\u00f1os hemos apoyado a clientes de diferentes \u00e1mbitos, tales como, comercial, industrial, inmobiliario, as\u00ed como universidades, patronatos y gobiernos. [\/vc_column_text][\/vc_column][\/vc_row]<\/p>\n","protected":false},"author":1,"featured_media":0,"parent":0,"menu_order":0,"comment_status":"closed","ping_status":"closed","template":"","meta":[],"_links":{"self":[{"href":"https:\/\/pgyme.com\/index.php?rest_route=\/wp\/v2\/pages\/7684"}],"collection":[{"href":"https:\/\/pgyme.com\/index.php?rest_route=\/wp\/v2\/pages"}],"about":[{"href":"https:\/\/pgyme.com\/index.php?rest_route=\/wp\/v2\/types\/page"}],"author":[{"embeddable":true,"href":"https:\/\/pgyme.com\/index.php?rest_route=\/wp\/v2\/users\/1"}],"replies":[{"embeddable":true,"href":"https:\/\/pgyme.com\/index.php?rest_route=%2Fwp%2Fv2%2Fcomments&post=7684"}],"version-history":[{"count":6,"href":"https:\/\/pgyme.com\/index.php?rest_route=\/wp\/v2\/pages\/7684\/revisions"}],"predecessor-version":[{"id":7780,"href":"https:\/\/pgyme.com\/index.php?rest_route=\/wp\/v2\/pages\/7684\/revisions\/7780"}],"wp:attachment":[{"href":"https:\/\/pgyme.com\/index.php?rest_route=%2Fwp%2Fv2%2Fmedia&parent=7684"}],"curies":[{"name":"wp","href":"https:\/\/api.w.org\/{rel}","templated":true}]}}